{"id":1616459,"date":"2025-09-11T09:35:54","date_gmt":"2025-09-11T09:35:54","guid":{"rendered":"https:\/\/elr.se\/?page_id=1616459"},"modified":"2025-10-19T19:51:13","modified_gmt":"2025-10-19T19:51:13","slug":"elrs-hallbarhetsmal","status":"publish","type":"page","link":"https:\/\/elr.se\/en\/elrs-hallbarhetsmal\/","title":{"rendered":"ELR&#039;s sustainability goals"},"content":{"rendered":"<section  class=\"tebab-block-hero alignfull\" style=\"--heading-color: #ffffff;\">\n\n    <img loading=\"lazy\" decoding=\"async\" width=\"1440\" height=\"1080\" src=\"https:\/\/elr.se\/wp-content\/uploads\/2025\/08\/geran-de-klerk-qzgN45hseN0-unsplash-scaled-1-1440x1080.jpg\" class=\"attachment-landscape size-landscape\" alt=\"\" srcset=\"https:\/\/elr.se\/wp-content\/uploads\/2025\/08\/geran-de-klerk-qzgN45hseN0-unsplash-scaled-1-1440x1080.jpg 1440w, https:\/\/elr.se\/wp-content\/uploads\/2025\/08\/geran-de-klerk-qzgN45hseN0-unsplash-scaled-1-300x225.jpg 300w, https:\/\/elr.se\/wp-content\/uploads\/2025\/08\/geran-de-klerk-qzgN45hseN0-unsplash-scaled-1-1024x768.jpg 1024w, https:\/\/elr.se\/wp-content\/uploads\/2025\/08\/geran-de-klerk-qzgN45hseN0-unsplash-scaled-1-768x576.jpg 768w, https:\/\/elr.se\/wp-content\/uploads\/2025\/08\/geran-de-klerk-qzgN45hseN0-unsplash-scaled-1-1536x1152.jpg 1536w, https:\/\/elr.se\/wp-content\/uploads\/2025\/08\/geran-de-klerk-qzgN45hseN0-unsplash-scaled-1-2048x1536.jpg 2048w\" sizes=\"auto, (max-width: 1440px) 100vw, 1440px\" \/>\n    <div class=\"contained\">\n                <h1 class=\"tebab-block-hero__heading\">\n            ELR&#039;s sustainability goals        <\/h1>\n\n            <\/div>\n<\/section>\n\n\n<div style=\"height:40px\" aria-hidden=\"true\" class=\"wp-block-spacer\"><\/div>\n\n\n\n<div class=\"wp-block-columns alignwide is-layout-flex wp-container-core-columns-is-layout-9d6595d7 wp-block-columns-is-layout-flex\">\n<div class=\"wp-block-column is-layout-flow wp-block-column-is-layout-flow\" style=\"flex-basis:100%\">\n<div class=\"wp-block-group is-layout-constrained wp-block-group-is-layout-constrained\">\n<p class=\"has-medium-font-size\"><strong>Sustainable development is often described as \u201ddevelopment that meets the needs of the present without compromising the ability of future generations to meet their own needs.\u201d The focus is on economic, social and environmental perspectives. (Brundtland Commission)<\/strong><\/p>\n\n\n\n<h3 class=\"wp-block-heading has-medium-font-size\"><strong>How does it fit into what we do within ELR?<\/strong><\/h3>\n\n\n\n<p>With our experience and expertise, we can help our customers with repairs to extend the life of existing facilities, we can make suggestions for improvements, and if necessary, replacement when that is the best option.<\/p>\n\n\n\n<p>We have a circular mindset in our operations in that we can extend the life of existing facilities, upgrade and improve them for the future, and when this is no longer possible, we recycle the equipment so it can create new products in the future.<\/p>\n\n\n\n<ul class=\"wp-block-list\">\n<li><strong>Sub-goal 8.2 |&nbsp;<\/strong>Promote economic productivity through diversification, technological innovation and upgrading<br><br>Achieve higher economic productivity through diversification, technological upgrading and innovation, including by focusing on sectors with high added value and high labor intensity.<\/li>\n<\/ul>\n\n\n\n<ul class=\"wp-block-list\">\n<li><strong>Sub-goal 9.4 |&nbsp;<\/strong>Upgrade all industry and infrastructure for increased sustainability<\/li>\n<\/ul>\n\n\n\n<ul class=\"wp-block-list\">\n<li><strong>Sub-goal 12.4 |&nbsp;<\/strong>Responsible management of chemicals and waste<\/li>\n<\/ul>\n\n\n\n<ul class=\"wp-block-list\">\n<li><strong>Interim goal 12.5 |&nbsp;<\/strong>Significantly reduce the amount of waste<\/li>\n<\/ul>\n<\/div>\n<\/div>\n<\/div>\n\n\n\n<div style=\"height:40px\" aria-hidden=\"true\" class=\"wp-block-spacer\"><\/div>\n\n\n\n<p><\/p>","protected":false},"excerpt":{"rendered":"<p>H\u00e5llbar utveckling brukar oftast beskrivas som \u201den utveckling som tillgodoser dagens behov utan att \u00e4ventyra kommande generationers m\u00f6jligheter att tillgodose sina behov\u201d. Fokus tas b\u00e5de ut ett ekonomiskt, socialt och milj\u00f6m\u00e4ssigt perspektiv. (Brundtland kommissionen) Hur passar det in p\u00e5 det vi g\u00f6r inom ELR? Vi kan med v\u00e5r erfarenhet och kompetens hj\u00e4lpa v\u00e5ra kunder med [&hellip;]<\/p>","protected":false},"author":2,"featured_media":0,"parent":0,"menu_order":0,"comment_status":"closed","ping_status":"closed","template":"","meta":{"footnotes":""},"class_list":["post-1616459","page","type-page","status-publish","hentry"],"acf":[],"_links":{"self":[{"href":"https:\/\/elr.se\/en\/wp-json\/wp\/v2\/pages\/1616459","targetHints":{"allow":["GET"]}}],"collection":[{"href":"https:\/\/elr.se\/en\/wp-json\/wp\/v2\/pages"}],"about":[{"href":"https:\/\/elr.se\/en\/wp-json\/wp\/v2\/types\/page"}],"author":[{"embeddable":true,"href":"https:\/\/elr.se\/en\/wp-json\/wp\/v2\/users\/2"}],"replies":[{"embeddable":true,"href":"https:\/\/elr.se\/en\/wp-json\/wp\/v2\/comments?post=1616459"}],"version-history":[{"count":2,"href":"https:\/\/elr.se\/en\/wp-json\/wp\/v2\/pages\/1616459\/revisions"}],"predecessor-version":[{"id":1616958,"href":"https:\/\/elr.se\/en\/wp-json\/wp\/v2\/pages\/1616459\/revisions\/1616958"}],"wp:attachment":[{"href":"https:\/\/elr.se\/en\/wp-json\/wp\/v2\/media?parent=1616459"}],"curies":[{"name":"wp","href":"https:\/\/api.w.org\/{rel}","templated":true}]}}