{"id":1616537,"date":"2025-09-11T13:44:42","date_gmt":"2025-09-11T13:44:42","guid":{"rendered":"https:\/\/elr.se\/?page_id=1616537"},"modified":"2025-10-19T19:54:16","modified_gmt":"2025-10-19T19:54:16","slug":"elsakerhetslagen","status":"publish","type":"page","link":"https:\/\/elr.se\/en\/elsakerhetslagen\/","title":{"rendered":"Electrical Safety Act"},"content":{"rendered":"<section  class=\"tebab-block-split_screen alignfull image_alignment-left\">\n    <div class=\"contained\">\n        <div class=\"tebab-block-split_screen__image-wrapper\">\n            <img loading=\"lazy\" decoding=\"async\" width=\"1516\" height=\"1080\" src=\"https:\/\/elr.se\/wp-content\/uploads\/2025\/08\/carlos-muza-hpjSkU2UYSU-unsplash-1516x1080.jpg\" class=\"attachment-landscape size-landscape\" alt=\"\" srcset=\"https:\/\/elr.se\/wp-content\/uploads\/2025\/08\/carlos-muza-hpjSkU2UYSU-unsplash-1516x1080.jpg 1516w, https:\/\/elr.se\/wp-content\/uploads\/2025\/08\/carlos-muza-hpjSkU2UYSU-unsplash-300x214.jpg 300w, https:\/\/elr.se\/wp-content\/uploads\/2025\/08\/carlos-muza-hpjSkU2UYSU-unsplash-1024x729.jpg 1024w, https:\/\/elr.se\/wp-content\/uploads\/2025\/08\/carlos-muza-hpjSkU2UYSU-unsplash-768x547.jpg 768w, https:\/\/elr.se\/wp-content\/uploads\/2025\/08\/carlos-muza-hpjSkU2UYSU-unsplash-1536x1094.jpg 1536w, https:\/\/elr.se\/wp-content\/uploads\/2025\/08\/carlos-muza-hpjSkU2UYSU-unsplash-2048x1459.jpg 2048w\" sizes=\"auto, (max-width: 1516px) 100vw, 1516px\" \/>        <\/div>\n\n        <div class=\"tebab-block-split_screen__content-wrapper\">\n            <h1 class=\"page-title\">Electrical Safety Act<\/h1>\n<p class=\"ingress\">The Electrical Safety Act, which came into force on 1 July 2017, contains requirements on how electrical installation work should be carried out, what competence the company carrying out the installation must have, how to ensure the competence of those carrying out the work, and requirements for self-inspection programmes for the operation. It is the electrical installation companies who are responsible for ensuring that these requirements are met.<\/p>\n<p class=\"ingress\">The Electrical Safety Act aims to make it easier for customers, clients and consumers to find reputable electrical installation companies. Only reputable companies are allowed to carry out electrical installation activities. Such companies have registration, a self-monitoring program and an authorized electrical installer.<\/p>\n\n            \n        <\/div>\n    <\/div>\n<\/section>\n\n\n<div style=\"height:40px\" aria-hidden=\"true\" class=\"wp-block-spacer\"><\/div>\n\n\n\n<h2 class=\"wp-block-heading\">What does the law mean?<\/h2>\n\n\n\n<ul class=\"wp-block-list\">\n<li>All companies that carry out electrical installation work on someone else&#039;s premises must be registered with the Swedish Electrical Safety Authority.<\/li>\n\n\n\n<li>There must be an authorized electrical installer associated with the company.<\/li>\n\n\n\n<li>All electrical installation companies must establish a self-inspection program.<\/li>\n<\/ul>\n\n\n\n<h3 class=\"wp-block-heading\">What is electrical installation work?<\/h3>\n\n\n\n<p>Section 4 of the Electrical Safety Act<\/p>\n\n\n\n<p>1. to carry out, modify or repair an electrical power installation,<\/p>\n\n\n\n<p>2. to permanently connect electrical equipment to a high-voltage installation, or<\/p>\n\n\n\n<p>3. to disconnect electrical equipment from a high-voltage installation to which the equipment is permanently connected<br><\/p>\n\n\n\n<h3 class=\"wp-block-heading\">What is a high-voltage installation?<\/h3>\n\n\n\n<p>A high-voltage electrical installation is a stationary installation for the production or transmission \u2013 but not consumption \u2013 of electricity.<\/p>\n\n\n\n<ul class=\"wp-block-list\">\n<li>A solar cell plant<\/li>\n\n\n\n<li>A wind turbine<\/li>\n\n\n\n<li>A wiring network up to and including the wall socket<\/li>\n<\/ul>\n\n\n\n<h3 class=\"wp-block-heading\"><br>Work on electrical equipment is never electrical installation work.<\/h3>\n\n\n\n<ul class=\"wp-block-list\">\n<li>A stationary or non-stationary installation for the consumption of electricity<\/li>\n\n\n\n<li>Fixtures<\/li>\n\n\n\n<li>Electrical appliances<\/li>\n\n\n\n<li>Paper machines<\/li>\n<\/ul>\n\n\n\n<h3 class=\"wp-block-heading\">What is electrical installation work?<\/h3>\n\n\n\n<ul class=\"wp-block-list\">\n<li>Installation and connection of cables and wires, including underground cables<\/li>\n\n\n\n<li>Installation and connection of equipment such as switches, sockets, group centers, boxes, etc.<\/li>\n\n\n\n<li>Installation of installation pipes, hidden or visible, if the purpose is to run FK in the pipe<\/li>\n\n\n\n<li>Erection of power line poles for bare wires<\/li>\n\n\n\n<li>Connecting underfloor heating cable<\/li>\n<\/ul>\n\n\n\n<h4 class=\"wp-block-heading\">What is not electrical installation work?<\/h4>\n\n\n\n<ul class=\"wp-block-list\">\n<li>Installation of ducting such as cable ladders, window sill ducts.<\/li>\n\n\n\n<li>Installation of installation pipes if the purpose is to run cable in the pipe.<\/li>\n\n\n\n<li>Installation of cable pipes in the ground.<\/li>\n\n\n\n<li>Laying and installation of heating cable.<\/li>\n\n\n\n<li>Installation of fixtures, electric radiators and other electrical equipment that consumes electrical energy.<\/li>\n<\/ul>\n\n\n\n<h3 class=\"wp-block-heading\">Why is it important to define electrical installation work?<\/h3>\n\n\n\n<p>Only what is considered electrical installation work needs to be included in the self-inspection program.<\/p>\n\n\n\n<h3 class=\"wp-block-heading\">Self-monitoring program<\/h3>\n\n\n\n<div class=\"wp-block-columns is-layout-flex wp-container-core-columns-is-layout-9d6595d7 wp-block-columns-is-layout-flex\">\n<div class=\"wp-block-column is-layout-flow wp-block-column-is-layout-flow\">\n<h4 class=\"wp-block-heading\">Company organization<\/h4>\n\n\n\n<ul class=\"wp-block-list\">\n<li>Basic information about electrical installation activities<\/li>\n\n\n\n<li>Competencies<\/li>\n\n\n\n<li>Organization<\/li>\n\n\n\n<li>Follow-up<\/li>\n<\/ul>\n<\/div>\n\n\n\n<div class=\"wp-block-column is-layout-flow wp-block-column-is-layout-flow\">\n<h4 class=\"wp-block-heading\">The ongoing operations<\/h4>\n\n\n\n<ul class=\"wp-block-list\">\n<li>The mission<\/li>\n\n\n\n<li>Facility knowledge<\/li>\n\n\n\n<li>Requirements determination<\/li>\n\n\n\n<li>Checkpoints<\/li>\n\n\n\n<li>Follow-up<\/li>\n<\/ul>\n<\/div>\n<\/div>\n\n\n\n<h3 class=\"wp-block-heading\">Each company shall:<\/h3>\n\n\n\n<ul class=\"wp-block-list\">\n<li>Take stock of the business \u2013 what types of electrical installation work do we perform? In what types of business and areas?<\/li>\n\n\n\n<li>Inventory the skills of all employees who perform electrical installation work.<\/li>\n\n\n\n<li>Take inventory of the organization \u2013 What roles and positions do we have in the company?<\/li>\n\n\n\n<li>Appoint an electrician for regulatory compliance and the person who will administer the self-monitoring program. This can of course be the same person.<\/li>\n\n\n\n<li>Register the company with the Swedish Electrical Safety Authority. Tip: Have the designated electrical installer do this on behalf of the company.<\/li>\n<\/ul>\n\n\n\n<h2 class=\"wp-block-heading\">Links<\/h2>\n\n\n\n<p><a href=\"https:\/\/www.elsakerhetsverket.se\/om-oss\/lag-och-ratt\/lagar-och-forordningar\/elsakerhetslagen\/\">About the Electrical Safety Act \u2013 The Swedish Electrical Safety Authority<\/a><\/p>\n\n\n\n<p><a href=\"https:\/\/www.elsakerhetsverket.se\/globalassets\/publikationer\/handbocker\/elsak-handbok-version1.pdf\">Handbook \u2013 Electrical installations according to the Electrical Safety Act \u2013 Swedish Electrical Safety Authority<\/a><\/p>\n\n\n\n<p><a href=\"https:\/\/e-tjanster.elsakerhetsverket.se\/foretag\/registrera\">Company registration with the Swedish Electrical Safety Authority<\/a><\/p>\n\n\n\n<div style=\"height:40px\" aria-hidden=\"true\" class=\"wp-block-spacer\"><\/div>","protected":false},"excerpt":{"rendered":"<p>Vad inneb\u00e4r lagen? Vad \u00e4r elinstallationsarbete? 4 \u00a7 els\u00e4kerhetslagen 1. att utf\u00f6ra, \u00e4ndra eller reparera en elektrisk starkstr\u00f6msanl\u00e4ggning, 2. att fast ansluta en elektrisk utrustning till en starkstr\u00f6msanl\u00e4ggning, eller 3. att koppla loss en elektrisk utrustning fr\u00e5n en starkstr\u00f6msanl\u00e4ggning som utrustningen \u00e4r fast ansluten till Vad \u00e4r en starkstr\u00f6msanl\u00e4ggning? En elektrisk starkstr\u00f6msanl\u00e4ggning \u00e4r en station\u00e4r [&hellip;]<\/p>","protected":false},"author":2,"featured_media":0,"parent":0,"menu_order":0,"comment_status":"closed","ping_status":"closed","template":"","meta":{"footnotes":""},"class_list":["post-1616537","page","type-page","status-publish","hentry"],"acf":[],"_links":{"self":[{"href":"https:\/\/elr.se\/en\/wp-json\/wp\/v2\/pages\/1616537","targetHints":{"allow":["GET"]}}],"collection":[{"href":"https:\/\/elr.se\/en\/wp-json\/wp\/v2\/pages"}],"about":[{"href":"https:\/\/elr.se\/en\/wp-json\/wp\/v2\/types\/page"}],"author":[{"embeddable":true,"href":"https:\/\/elr.se\/en\/wp-json\/wp\/v2\/users\/2"}],"replies":[{"embeddable":true,"href":"https:\/\/elr.se\/en\/wp-json\/wp\/v2\/comments?post=1616537"}],"version-history":[{"count":4,"href":"https:\/\/elr.se\/en\/wp-json\/wp\/v2\/pages\/1616537\/revisions"}],"predecessor-version":[{"id":1616960,"href":"https:\/\/elr.se\/en\/wp-json\/wp\/v2\/pages\/1616537\/revisions\/1616960"}],"wp:attachment":[{"href":"https:\/\/elr.se\/en\/wp-json\/wp\/v2\/media?parent=1616537"}],"curies":[{"name":"wp","href":"https:\/\/api.w.org\/{rel}","templated":true}]}}