{"id":1616540,"date":"2025-09-11T14:03:00","date_gmt":"2025-09-11T14:03:00","guid":{"rendered":"https:\/\/elr.se\/?page_id=1616540"},"modified":"2025-10-19T20:01:28","modified_gmt":"2025-10-19T20:01:28","slug":"energieffektiviseringsdirektivet","status":"publish","type":"page","link":"https:\/\/elr.se\/en\/energieffektiviseringsdirektivet\/","title":{"rendered":"The Energy Efficiency Directive"},"content":{"rendered":"<section  class=\"tebab-block-split_screen alignwide image_alignment-left\">\n    <div class=\"contained\">\n        <div class=\"tebab-block-split_screen__image-wrapper\">\n            <img loading=\"lazy\" decoding=\"async\" width=\"1624\" height=\"1080\" src=\"https:\/\/elr.se\/wp-content\/uploads\/2025\/09\/AdobeStock_1006633820-1624x1080.jpeg\" class=\"attachment-landscape size-landscape\" alt=\"\" srcset=\"https:\/\/elr.se\/wp-content\/uploads\/2025\/09\/AdobeStock_1006633820-1624x1080.jpeg 1624w, https:\/\/elr.se\/wp-content\/uploads\/2025\/09\/AdobeStock_1006633820-300x199.jpeg 300w, https:\/\/elr.se\/wp-content\/uploads\/2025\/09\/AdobeStock_1006633820-1024x681.jpeg 1024w, https:\/\/elr.se\/wp-content\/uploads\/2025\/09\/AdobeStock_1006633820-768x511.jpeg 768w, https:\/\/elr.se\/wp-content\/uploads\/2025\/09\/AdobeStock_1006633820-1536x1021.jpeg 1536w, https:\/\/elr.se\/wp-content\/uploads\/2025\/09\/AdobeStock_1006633820-2048x1362.jpeg 2048w\" sizes=\"auto, (max-width: 1624px) 100vw, 1624px\" \/>        <\/div>\n\n        <div class=\"tebab-block-split_screen__content-wrapper\">\n            <h1 class=\"page-title\">The Energy Efficiency Directive<\/h1>\n<p>The Energy Efficiency Directive aims to achieve a more sustainable energy system and to establish a common framework for promoting energy efficiency within the EU.<\/p>\n<p>The Directive contains provisions aimed at removing barriers and overcoming some of the market failures that hinder efficiency in the supply and use of energy. It also consists of measures in all parts of the energy system \u2013 from energy conversion through transmission and distribution to final use, but not in the transport system.<\/p>\n<p>The implementation is described in Government Bill 2013\/14:174. .<\/p>\n\n                            <div class=\"tebab-block-split_screen__buttons\">\n                                            <a href=\"https:\/\/www.energimyndigheten.se\/4a19fb\/globalassets\/energieffektivisering_\/lagar-och-krav\/eneffdirektivet\/uppdatering-av-energieffektiviseringsdirektivet-2018.pdf\" class=\"button primary\" target=\"1\" rel=\"noreferrer\">The Energy Efficiency Directive<\/a>\n                                            <a href=\"https:\/\/www.regeringen.se\/contentassets\/010c46fecf1942a985c282e359d6b7ea\/genomforande-av-energieffektiviseringsdirektivet-prop.-201314174\" class=\"button primary\" target=\"1\" rel=\"noreferrer\">Bill 2013\/14:174<\/a>\n                                    <\/div>\n            \n        <\/div>\n    <\/div>\n<\/section>\n\n\n<div style=\"height:40px\" aria-hidden=\"true\" class=\"wp-block-spacer\"><\/div>\n\n\n\n<h2 class=\"wp-block-heading\">The directive requires, among other things, that:<\/h2>\n\n\n\n<ul class=\"wp-block-list\">\n<li>Energy requirements must be included in certain public procurement<\/li>\n\n\n\n<li>Energy-efficient renovations are to be carried out in certain government buildings<\/li>\n\n\n\n<li>There should be a strategy for energy-efficient renovations for the country&#039;s building stock<\/li>\n\n\n\n<li>Large companies should conduct an energy survey<\/li>\n\n\n\n<li>Small and medium-sized enterprises will receive support to conduct an energy survey<\/li>\n\n\n\n<li>Consumers should receive information about energy efficiency<\/li>\n\n\n\n<li>Consumers should have free access to information on their energy bill<\/li>\n\n\n\n<li>Potential for the use of district heating\/district cooling, as well as residual heat, should be mapped.<\/li>\n\n\n\n<li>There should be information about and accessibility to energy services<\/li>\n<\/ul>\n\n\n\n<h3 class=\"wp-block-heading\">How will the directive be implemented?<\/h3>\n\n\n\n<p>The implementation is described in Government Bill 2013\/14:174. It describes, among other things, the law on energy mapping in large companies, energy measurement in buildings and that companies must conduct cost-benefit analyses when building new facilities.<\/p>\n\n\n\n<h3 class=\"wp-block-heading\">About the directive<\/h3>\n\n\n\n<p>The Energy Efficiency Directive entered into force on 4 December 2012. The Energy Efficiency Directive was updated in 2018 to align with the EU&#039;s 2030 target of 32.5 percent energy efficiency. Information from the Swedish Energy Agency.<\/p>\n\n\n\n<div style=\"height:40px\" aria-hidden=\"true\" class=\"wp-block-spacer\"><\/div>","protected":false},"excerpt":{"rendered":"<p>Direktivet kr\u00e4ver bland annat att: Hur ska direktivet genomf\u00f6ras? Genomf\u00f6randet finns beskrivet i Regeringens proposition 2013\/14:174 . D\u00e4r beskrivs bland annat lagen om energikartl\u00e4ggning i stora f\u00f6retag, energim\u00e4tning i byggnader och att f\u00f6retag ska g\u00f6ra kostnads-nyttoanalyser n\u00e4r de bygger nya anl\u00e4ggningar. Om direktivet Energieffektiviseringsdirektivet tr\u00e4dde i kraft den 4 december 2012. Energieffektiviseringsdirektivet uppdaterades \u00e5r 2018 [&hellip;]<\/p>","protected":false},"author":2,"featured_media":0,"parent":0,"menu_order":0,"comment_status":"closed","ping_status":"closed","template":"","meta":{"footnotes":""},"class_list":["post-1616540","page","type-page","status-publish","hentry"],"acf":[],"_links":{"self":[{"href":"https:\/\/elr.se\/en\/wp-json\/wp\/v2\/pages\/1616540","targetHints":{"allow":["GET"]}}],"collection":[{"href":"https:\/\/elr.se\/en\/wp-json\/wp\/v2\/pages"}],"about":[{"href":"https:\/\/elr.se\/en\/wp-json\/wp\/v2\/types\/page"}],"author":[{"embeddable":true,"href":"https:\/\/elr.se\/en\/wp-json\/wp\/v2\/users\/2"}],"replies":[{"embeddable":true,"href":"https:\/\/elr.se\/en\/wp-json\/wp\/v2\/comments?post=1616540"}],"version-history":[{"count":10,"href":"https:\/\/elr.se\/en\/wp-json\/wp\/v2\/pages\/1616540\/revisions"}],"predecessor-version":[{"id":1616965,"href":"https:\/\/elr.se\/en\/wp-json\/wp\/v2\/pages\/1616540\/revisions\/1616965"}],"wp:attachment":[{"href":"https:\/\/elr.se\/en\/wp-json\/wp\/v2\/media?parent=1616540"}],"curies":[{"name":"wp","href":"https:\/\/api.w.org\/{rel}","templated":true}]}}