{"id":1616551,"date":"2025-09-11T14:26:52","date_gmt":"2025-09-11T14:26:52","guid":{"rendered":"https:\/\/elr.se\/?page_id=1616551"},"modified":"2025-10-16T08:13:44","modified_gmt":"2025-10-16T08:13:44","slug":"certifiering-diplomering","status":"publish","type":"page","link":"https:\/\/elr.se\/en\/certifiering-diplomering\/","title":{"rendered":"Certification &amp; Diploma"},"content":{"rendered":"<section  class=\"tebab-block-hero alignfull\" style=\"--heading-color: #ffffff;\">\n\n    <img loading=\"lazy\" decoding=\"async\" width=\"1920\" height=\"466\" src=\"https:\/\/elr.se\/wp-content\/uploads\/2025\/08\/hero5.jpg\" class=\"attachment-landscape size-landscape\" alt=\"\" srcset=\"https:\/\/elr.se\/wp-content\/uploads\/2025\/08\/hero5.jpg 1920w, https:\/\/elr.se\/wp-content\/uploads\/2025\/08\/hero5-300x73.jpg 300w, https:\/\/elr.se\/wp-content\/uploads\/2025\/08\/hero5-1024x249.jpg 1024w, https:\/\/elr.se\/wp-content\/uploads\/2025\/08\/hero5-768x186.jpg 768w, https:\/\/elr.se\/wp-content\/uploads\/2025\/08\/hero5-1536x373.jpg 1536w\" sizes=\"auto, (max-width: 1920px) 100vw, 1920px\" \/>\n    <div class=\"contained\">\n                <h1 class=\"tebab-block-hero__heading\">\n            Certification &amp; Diploma        <\/h1>\n\n            <\/div>\n<\/section>\n\n\n<div style=\"height:40px\" aria-hidden=\"true\" class=\"wp-block-spacer\"><\/div>\n\n\n\n<h2 class=\"wp-block-heading\">Opportunity for certification as a member of ELR<\/h2>\n\n\n\n<p>There are many advantages to being a member of ELR. For example, member companies have the opportunity to obtain certification and can graduate their electromechanical employees through our training courses. In addition, you become part of a large network of industry colleagues.<\/p>\n\n\n\n<h2 class=\"wp-block-heading\">The customer can feel secure when choosing a certified company<\/h2>\n\n\n\n<p>The certification means that:<\/p>\n\n\n\n<ul class=\"wp-block-list\">\n<li>the work is carried out in accordance with our industry standards<\/li>\n\n\n\n<li>there are documented work procedures<\/li>\n\n\n\n<li>there is a documented test routine, preferably a common test protocol<\/li>\n\n\n\n<li>a documented final inspection is carried out<\/li>\n\n\n\n<li>applicable laws and regulations regarding the work environment and external environment are followed<\/li>\n\n\n\n<li>the company has good finances with at least two approved financial statements<\/li>\n\n\n\n<li>Every certified electromechanical workshop must have at least one certified electromechanical technician. Read more about certification under Certification &amp; certification.<\/li>\n<\/ul>\n\n\n\n<div style=\"height:40px\" aria-hidden=\"true\" class=\"wp-block-spacer\"><\/div>\n\n\n<section  class=\"tebab-block-split_screen alignfull image_alignment-left\">\n    <div class=\"contained\">\n        <div class=\"tebab-block-split_screen__image-wrapper\">\n            <img loading=\"lazy\" decoding=\"async\" width=\"582\" height=\"392\" src=\"https:\/\/elr.se\/wp-content\/uploads\/2025\/08\/photo-1435527173128-983b87201f4d_w_700_w_582_h_392.png\" class=\"attachment-landscape size-landscape\" alt=\"\" srcset=\"https:\/\/elr.se\/wp-content\/uploads\/2025\/08\/photo-1435527173128-983b87201f4d_w_700_w_582_h_392.png 582w, https:\/\/elr.se\/wp-content\/uploads\/2025\/08\/photo-1435527173128-983b87201f4d_w_700_w_582_h_392-300x202.png 300w\" sizes=\"auto, (max-width: 582px) 100vw, 582px\" \/>        <\/div>\n\n        <div class=\"tebab-block-split_screen__content-wrapper\">\n            <p><!-- wp:heading --><\/p>\n<h2 class=\"wp-block-heading\">Every certified electromechanical workshop must have at least one certified electromechanical technician.<\/h2>\n<p class=\"wp-block-heading\"><strong>Workshop certification means that:<\/strong><\/p>\n<ul>\n<li class=\"wp-block-heading\">the work is carried out in accordance with our industry standards<!-- \/wp:heading --><!-- wp:heading {\"level\":3} --><\/li>\n<li>there are documented work procedures<\/li>\n<li>there is a documented test routine<br \/>\na documented final inspection is carried out<\/li>\n<li>laws and regulations regarding the work environment and external environment are followed<\/li>\n<li>the company has good finances with at least two approved financial statements<\/li>\n<\/ul>\n<p><strong>To obtain the title of certified electromechanic, the following requirements must be met:<\/strong><\/p>\n<ul>\n<li>documented training in electrical safety Authorization B or ELR 1, 2 and 3<\/li>\n<li>documented basic training in electric motor theory (ELR 1 and 2 or equivalent)<\/li>\n<li>documented training in bearing assembly\/bearing damage\/lubrication technology<\/li>\n<li>at least five years of industry experience<\/li>\n<\/ul>\n<p>The diploma is valid for ten years and must then be renewed. Additional training may be requested by the board. Diplomated electromechanics have priority for future training provided by the association.<\/p>\n\n                            <div class=\"tebab-block-split_screen__buttons\">\n                                            <a href=\"https:\/\/elr.se\/en\/dokument\/ansokan-om-certifiering-av-elekromekanikverkstad\/\" class=\"button primary\" target=\"1\" rel=\"noreferrer\">Application for Certification<\/a>\n                                            <a href=\"https:\/\/elr.se\/en\/dokument\/ansokan-om-diplomering-av-elektromekaniker\/\" class=\"button primary\" target=\"1\" rel=\"noreferrer\">Application for Diploma<\/a>\n                                    <\/div>\n            \n        <\/div>\n    <\/div>\n<\/section>\n\n\n<div style=\"height:60px\" aria-hidden=\"true\" class=\"wp-block-spacer\"><\/div>\n\n\n\n<p><\/p>","protected":false},"excerpt":{"rendered":"<p>M\u00f6jlighet till certifiering som medlem i ELR Det finns m\u00e5nga f\u00f6rdelar med ett medlemskap i ELR. Medlemsf\u00f6retagen har till exempel m\u00f6jlighet till certifiering och kan diplomera sina anst\u00e4llda elektromekaniker genom v\u00e5ra utbildningar. Dessutom blir du del av ett stort n\u00e4tverk av branschkollegor. Kunden kan k\u00e4nna sig trygg n\u00e4r de v\u00e4ljer ett certifierat f\u00f6retag Certifieringen inneb\u00e4r [&hellip;]<\/p>","protected":false},"author":2,"featured_media":0,"parent":0,"menu_order":0,"comment_status":"closed","ping_status":"closed","template":"","meta":{"footnotes":""},"class_list":["post-1616551","page","type-page","status-publish","hentry"],"acf":[],"_links":{"self":[{"href":"https:\/\/elr.se\/en\/wp-json\/wp\/v2\/pages\/1616551","targetHints":{"allow":["GET"]}}],"collection":[{"href":"https:\/\/elr.se\/en\/wp-json\/wp\/v2\/pages"}],"about":[{"href":"https:\/\/elr.se\/en\/wp-json\/wp\/v2\/types\/page"}],"author":[{"embeddable":true,"href":"https:\/\/elr.se\/en\/wp-json\/wp\/v2\/users\/2"}],"replies":[{"embeddable":true,"href":"https:\/\/elr.se\/en\/wp-json\/wp\/v2\/comments?post=1616551"}],"version-history":[{"count":15,"href":"https:\/\/elr.se\/en\/wp-json\/wp\/v2\/pages\/1616551\/revisions"}],"predecessor-version":[{"id":1616956,"href":"https:\/\/elr.se\/en\/wp-json\/wp\/v2\/pages\/1616551\/revisions\/1616956"}],"wp:attachment":[{"href":"https:\/\/elr.se\/en\/wp-json\/wp\/v2\/media?parent=1616551"}],"curies":[{"name":"wp","href":"https:\/\/api.w.org\/{rel}","templated":true}]}}