{"id":1616587,"date":"2025-09-15T10:56:57","date_gmt":"2025-09-15T10:56:57","guid":{"rendered":"https:\/\/elr.se\/?page_id=1616587"},"modified":"2025-09-15T10:56:57","modified_gmt":"2025-09-15T10:56:57","slug":"intressemedlemskap","status":"publish","type":"page","link":"https:\/\/elr.se\/en\/intressemedlemskap\/","title":{"rendered":"Interest membership"},"content":{"rendered":"<h1 class=\"wp-block-heading\">Interest membership<\/h1>\n\n\n\n<h3 class=\"wp-block-heading\">ELR offers the opportunity for interest membership. As an interest member, you can participate in various meetings and events throughout the year. You stay up to date with news in the industry and have the opportunity to market your company and its products to the members of the association. Furthermore, you can, together with us, help influence how we in Sweden should work in the circular economy. In addition, you can participate in ELR&#039;s training courses.<\/h3>\n\n\n\n<p>Would you like to learn more about the electromechanical industry and the companies operating in Sweden in this industry? ELR offers suppliers and other interested parties the opportunity to become a member. As a member, you will have access to a network of approximately 55 member companies covering most of Sweden.<\/p>\n\n\n\n<h4 class=\"wp-block-heading\"><strong>Why interest member?<\/strong><\/h4>\n\n\n\n<ul class=\"wp-block-list\">\n<li>As an interested member, you can participate in ELR&#039;s various meetings throughout the year and can thus stay updated on news in the industry.<\/li>\n\n\n\n<li>Opportunity to market your company and its products to members of the association at mini-fairs in connection with meetings.<\/li>\n\n\n\n<li>Together with us, help influence how we in Sweden will work in the circular economy.<\/li>\n\n\n\n<li>Opportunity to participate in ELR&#039;s valued training courses.<\/li>\n<\/ul>\n\n\n\n<h4 class=\"wp-block-heading\"><strong>Basic or premium membership<\/strong><\/h4>\n\n\n\n<p>The basic level (IE1) includes:<\/p>\n\n\n\n<ul class=\"wp-block-list\">\n<li>Participation in our meetings (no voting rights)<\/li>\n\n\n\n<li>Participation in a mini-fair<\/li>\n\n\n\n<li>The company name on our website<\/li>\n\n\n\n<li>The opportunity to participate in ELR&#039;s courses and training for a fee<\/li>\n<\/ul>\n\n\n\n<p>The premium level (IE4) includes:<\/p>\n\n\n\n<ul class=\"wp-block-list\">\n<li>Participation in our meetings (no voting rights)<\/li>\n\n\n\n<li>Participation in a mini-fair<\/li>\n\n\n\n<li>The company name and on our website<\/li>\n\n\n\n<li>The opportunity to participate in ELR&#039;s courses and training for a fee<\/li>\n\n\n\n<li>Training\/marketing of products\/services once a year, physically at a meeting or digitally via, for example, Teams<\/li>\n\n\n\n<li>In connection with your company&#039;s sustainability work, market your company as a partner of ELR<\/li>\n<\/ul>\n\n\n\n<p>Together we become stronger.<\/p>\n\n\n\n<p>Contact the ELR office if you would like to know more about interest membership,&nbsp;<a href=\"mailto:kansliet@elr.se\">office@elr.se<\/a>.<\/p>\n\n\n\n<p>Welcome to ELR!<br><em>Board of Directors<\/em><\/p>\n\n\n\n<p><\/p>","protected":false},"excerpt":{"rendered":"<p>Intressemedlemskap ELR erbjuder m\u00f6jligheten till intressemedlemskap. Som intressemedlem kan du delta p\u00e5 olika tr\u00e4ffar och m\u00f6ten under \u00e5ret. Du h\u00e5ller dig uppdaterad om nyheter i branschen och f\u00e5r m\u00f6jlighet att marknadsf\u00f6ra ditt f\u00f6retag och dess produkter till medlemmarna i f\u00f6reningen. Vidare kan du, tillsammans med oss, vara med och p\u00e5verka hur vi i Sverige ska [&hellip;]<\/p>","protected":false},"author":2,"featured_media":0,"parent":0,"menu_order":0,"comment_status":"closed","ping_status":"closed","template":"","meta":{"footnotes":""},"class_list":["post-1616587","page","type-page","status-publish","hentry"],"acf":[],"_links":{"self":[{"href":"https:\/\/elr.se\/en\/wp-json\/wp\/v2\/pages\/1616587","targetHints":{"allow":["GET"]}}],"collection":[{"href":"https:\/\/elr.se\/en\/wp-json\/wp\/v2\/pages"}],"about":[{"href":"https:\/\/elr.se\/en\/wp-json\/wp\/v2\/types\/page"}],"author":[{"embeddable":true,"href":"https:\/\/elr.se\/en\/wp-json\/wp\/v2\/users\/2"}],"replies":[{"embeddable":true,"href":"https:\/\/elr.se\/en\/wp-json\/wp\/v2\/comments?post=1616587"}],"version-history":[{"count":1,"href":"https:\/\/elr.se\/en\/wp-json\/wp\/v2\/pages\/1616587\/revisions"}],"predecessor-version":[{"id":1616588,"href":"https:\/\/elr.se\/en\/wp-json\/wp\/v2\/pages\/1616587\/revisions\/1616588"}],"wp:attachment":[{"href":"https:\/\/elr.se\/en\/wp-json\/wp\/v2\/media?parent=1616587"}],"curies":[{"name":"wp","href":"https:\/\/api.w.org\/{rel}","templated":true}]}}