{"id":1616636,"date":"2025-09-16T14:22:14","date_gmt":"2025-09-16T14:22:14","guid":{"rendered":"https:\/\/elr.se\/?page_id=1616636"},"modified":"2025-09-18T10:12:13","modified_gmt":"2025-09-18T10:12:13","slug":"elr-1-5","status":"publish","type":"page","link":"https:\/\/elr.se\/en\/elr-1-5\/","title":{"rendered":"ELR 1-5"},"content":{"rendered":"<h1 class=\"wp-block-heading\">ELR 1-5 \u2013 tailored training<\/h1>\n\n\n<section  class=\"tebab-block-split_screen alignfull image_alignment-left\">\n    <div class=\"contained\">\n        <div class=\"tebab-block-split_screen__image-wrapper\">\n            <img loading=\"lazy\" decoding=\"async\" width=\"1803\" height=\"1080\" src=\"https:\/\/elr.se\/wp-content\/uploads\/2025\/09\/1000021358_cropped-1803x1080.jpg\" class=\"attachment-landscape size-landscape\" alt=\"\" srcset=\"https:\/\/elr.se\/wp-content\/uploads\/2025\/09\/1000021358_cropped-1803x1080.jpg 1803w, https:\/\/elr.se\/wp-content\/uploads\/2025\/09\/1000021358_cropped-300x180.jpg 300w, https:\/\/elr.se\/wp-content\/uploads\/2025\/09\/1000021358_cropped-1024x613.jpg 1024w, https:\/\/elr.se\/wp-content\/uploads\/2025\/09\/1000021358_cropped-768x460.jpg 768w, https:\/\/elr.se\/wp-content\/uploads\/2025\/09\/1000021358_cropped-1536x920.jpg 1536w, https:\/\/elr.se\/wp-content\/uploads\/2025\/09\/1000021358_cropped.jpg 1848w\" sizes=\"auto, (max-width: 1803px) 100vw, 1803px\" \/>        <\/div>\n\n        <div class=\"tebab-block-split_screen__content-wrapper\">\n            <p><!-- wp:heading --><\/p>\n<h3 class=\"wp-block-heading\">ELR has tailored its own training in five steps, ELR 1-5. The training aims to support member companies in ensuring that their employees always have up-to-date and necessary knowledge.<\/h3>\n<p>As a member you can participate at a discounted price. You can find current training courses in the calendar and register via the registration link for each course. You can also apply to become a certified electromechanic and then apply to become a certified ELR company.<\/p>\n<p>The goal is for our training courses to be held at least once a year, or more often if there is interest. We can also adapt our training courses to other industry associations or interest organizations.<\/p>\n<p>You can find current course dates in our event calendar. Do you have any questions or would you like to take a course that we do not currently offer? Send an application for interest to the office by email.\u00a0<a href=\"mailto:kansliet@elr.se\">office@elr.se<\/a>.<\/p>\n<p><!-- \/wp:paragraph --><\/p>\n\n                            <div class=\"tebab-block-split_screen__buttons\">\n                                            <a href=\"https:\/\/elr.se\/en\/kalender\/\" class=\"button primary\" target=\"1\" rel=\"noreferrer\">To event calendar<\/a>\n                                    <\/div>\n            \n        <\/div>\n    <\/div>\n<\/section>\n\n\n<h2 class=\"wp-block-heading\">Content of the training courses:<\/h2>\n\n\n\n<div class=\"wp-block-columns is-layout-flex wp-container-core-columns-is-layout-9d6595d7 wp-block-columns-is-layout-flex\">\n<div class=\"wp-block-column is-layout-flow wp-block-column-is-layout-flow\">\n<h3 class=\"wp-block-heading\">Step1<\/h3>\n\n\n\n<p>Ella<br>The three-phase system<br>The electrical system<br>Electrical hazard, electrical safety<br>Electrical machines<\/p>\n<\/div>\n\n\n\n<div class=\"wp-block-column is-layout-flow wp-block-column-is-layout-flow\">\n<h3 class=\"wp-block-heading\">Step 2<\/h3>\n\n\n\n<p>Control and protection devices<br>Measuring instrument technology, measurement reliability<br>Power electronics, motor controls<br>Interference and EMC<\/p>\n<\/div>\n\n\n\n<div class=\"wp-block-column is-layout-flow wp-block-column-is-layout-flow\">\n<h3 class=\"wp-block-heading\">Step 3<\/h3>\n\n\n\n<p>Laws and regulations<br>Authorization rules, delegations<br>Electrical installation rules<br>Pipe sizing<\/p>\n<\/div>\n<\/div>\n\n\n\n<div class=\"wp-block-columns is-layout-flex wp-container-core-columns-is-layout-9d6595d7 wp-block-columns-is-layout-flex\">\n<div class=\"wp-block-column is-layout-flow wp-block-column-is-layout-flow\">\n<h2 class=\"wp-block-heading\">Step 4<\/h2>\n\n\n\n<p>Electrical schematic reading<br>Electrical installation technology<br>Electrical equipment, equipment selection<br>Electrical drawings<\/p>\n<\/div>\n\n\n\n<div class=\"wp-block-column is-layout-flow wp-block-column-is-layout-flow\">\n<h2 class=\"wp-block-heading\">Step 5<\/h2>\n\n\n\n<p>Practical installation techniques (\u201dnailing exercises\u201d)<br>Check before commissioning<\/p>\n<\/div>\n\n\n\n<div class=\"wp-block-column is-layout-flow wp-block-column-is-layout-flow\"><\/div>\n<\/div>\n\n\n\n<h4 class=\"wp-block-heading\">Requirements regarding diplomas, certification and authorization<\/h4>\n\n\n\n<p>If you have completed ELR1-3, you can also apply to become a certified electromechanic and then apply to become a certified ELR company. Read more under <a href=\"https:\/\/elr.se\/en\/certifiering-diplomering\/\" data-type=\"link\" data-id=\"https:\/\/elr.se\/certifiering-diplomering\/\">Certification &amp; Diploma<\/a>. If you also complete steps 4-5, you will receive the theoretical training to apply for Authorization B (Limited Authorization). All course steps can, in addition to being included in the certification, also be used together or individually to improve the skills of the staff. Each course is independent and can therefore be studied separately.<\/p>\n\n\n\n<h4 class=\"wp-block-heading\">ELR3 \u2013 a general electrical safety course<\/h4>\n\n\n\n<p>ELR3 can also be used to advantage as a general electrical safety course for all employees who in any way come into contact with electrical installations. The course is a way for those responsible to, as required in ELS\u00c4K-FS 2006:1, ensure that all employees have sufficient knowledge of electrical safety. The course also covers the electrical work regulations (SS EN 50110-1) and inspection before commissioning (SS 436 40 00 part 6). These regulations are also the responsibility of the work management to ensure that all employees who work with electricity have knowledge of. This knowledge must be maintained through repetition. The Swedish Electrical Safety Authority&#039;s interpretation of the repetition, which they write about in the comments to ELS\u00c4K-FS 2006:1, is that this should be done approx. every 3 years.<\/p>\n\n\n\n<div style=\"height:20px\" aria-hidden=\"true\" class=\"wp-block-spacer\"><\/div>","protected":false},"excerpt":{"rendered":"<p>ELR 1-5 &#8211; skr\u00e4ddarsydd utbildning Inneh\u00e5ll p\u00e5 utbildningens delkurser: Steg1 Ell\u00e4raTrefassystemetElsystemetElfaran, els\u00e4kerhetElmaskiner Steg 2 Man\u00f6ver och skyddsapparaterM\u00e4tinstrumentteknik, m\u00e4ts\u00e4kerhetKraftelektronik, motorstyrningarSt\u00f6rningar o EMC Steg 3 Lagar och f\u00f6reskrifterBeh\u00f6righetsregler, delegeringarElinstallationsreglernaLedningsdimensionering Steg 4 Elschemal\u00e4sningElinstallationsteknikElmateriel, materielvalElritningar Steg 5 Praktisk installationsteknik (\u201dspika\u00f6vningar\u201d)Kontroll f\u00f6re idrifttagning Krav g\u00e4llande diplomering, certifiering och auktorisation Har du g\u00e5tt ELR1-3 s\u00e5 kan du \u00e4ven ans\u00f6ka om att [&hellip;]<\/p>","protected":false},"author":2,"featured_media":0,"parent":0,"menu_order":0,"comment_status":"closed","ping_status":"closed","template":"","meta":{"footnotes":""},"class_list":["post-1616636","page","type-page","status-publish","hentry"],"acf":[],"_links":{"self":[{"href":"https:\/\/elr.se\/en\/wp-json\/wp\/v2\/pages\/1616636","targetHints":{"allow":["GET"]}}],"collection":[{"href":"https:\/\/elr.se\/en\/wp-json\/wp\/v2\/pages"}],"about":[{"href":"https:\/\/elr.se\/en\/wp-json\/wp\/v2\/types\/page"}],"author":[{"embeddable":true,"href":"https:\/\/elr.se\/en\/wp-json\/wp\/v2\/users\/2"}],"replies":[{"embeddable":true,"href":"https:\/\/elr.se\/en\/wp-json\/wp\/v2\/comments?post=1616636"}],"version-history":[{"count":5,"href":"https:\/\/elr.se\/en\/wp-json\/wp\/v2\/pages\/1616636\/revisions"}],"predecessor-version":[{"id":1616689,"href":"https:\/\/elr.se\/en\/wp-json\/wp\/v2\/pages\/1616636\/revisions\/1616689"}],"wp:attachment":[{"href":"https:\/\/elr.se\/en\/wp-json\/wp\/v2\/media?parent=1616636"}],"curies":[{"name":"wp","href":"https:\/\/api.w.org\/{rel}","templated":true}]}}