{"id":1616647,"date":"2025-09-18T08:41:01","date_gmt":"2025-09-18T08:41:01","guid":{"rendered":"https:\/\/elr.se\/?page_id=1616647"},"modified":"2025-10-19T20:02:16","modified_gmt":"2025-10-19T20:02:16","slug":"ekodesignkrav","status":"publish","type":"page","link":"https:\/\/elr.se\/en\/ekodesignkrav\/","title":{"rendered":"Ecodesign requirements"},"content":{"rendered":"<section  class=\"tebab-block-split_screen alignfull image_alignment-left\">\n    <div class=\"contained\">\n        <div class=\"tebab-block-split_screen__image-wrapper\">\n            <img loading=\"lazy\" decoding=\"async\" width=\"1236\" height=\"1080\" src=\"https:\/\/elr.se\/wp-content\/uploads\/2025\/09\/AdobeStock_480875429_cropped-1236x1080.jpg\" class=\"attachment-landscape size-landscape\" alt=\"\" srcset=\"https:\/\/elr.se\/wp-content\/uploads\/2025\/09\/AdobeStock_480875429_cropped-1236x1080.jpg 1236w, https:\/\/elr.se\/wp-content\/uploads\/2025\/09\/AdobeStock_480875429_cropped-300x262.jpg 300w, https:\/\/elr.se\/wp-content\/uploads\/2025\/09\/AdobeStock_480875429_cropped-1024x895.jpg 1024w, https:\/\/elr.se\/wp-content\/uploads\/2025\/09\/AdobeStock_480875429_cropped-768x671.jpg 768w, https:\/\/elr.se\/wp-content\/uploads\/2025\/09\/AdobeStock_480875429_cropped-1536x1342.jpg 1536w, https:\/\/elr.se\/wp-content\/uploads\/2025\/09\/AdobeStock_480875429_cropped-2048x1789.jpg 2048w\" sizes=\"auto, (max-width: 1236px) 100vw, 1236px\" \/>        <\/div>\n\n        <div class=\"tebab-block-split_screen__content-wrapper\">\n            <h1>Ecodesign requirements<\/h1>\n<h2>Revision of requirements \u2013 more motors and speed controllers<\/h2>\n<p>In 2019, the Ecodesign Committee, which consists of representatives of the EU Member States, decided on a revision of the previous Engine Regulation 640\/2009.<\/p>\n\n            \n        <\/div>\n    <\/div>\n<\/section>\n\n\n<div style=\"height:40px\" aria-hidden=\"true\" class=\"wp-block-spacer\"><\/div>\n\n\n\n<h2 class=\"wp-block-heading\">In broad terms, revision means the following:<\/h2>\n\n\n\n<div class=\"wp-block-columns is-layout-flex wp-container-core-columns-is-layout-9d6595d7 wp-block-columns-is-layout-flex\">\n<div class=\"wp-block-column is-layout-flow wp-block-column-is-layout-flow\">\n<h3 class=\"wp-block-heading\">Engines<\/h3>\n\n\n\n<p>From July 1, 2021, the following applies:<\/p>\n\n\n\n<ul class=\"wp-block-list\">\n<li>2-, 4-, 6- and even 8-pole motors within the power range 0.75 kW \u2013 1000 kW are subject to requirements corresponding to efficiency class IE3. Note that the possibility of meeting the requirements by using speed controllers has been removed.<\/li>\n\n\n\n<li>Small motors within the power range of 0.12 kW\u20130.75 kW must meet the IE2 efficiency class.<\/li>\n<\/ul>\n\n\n\n<p>From July 1, 2023, the following applies:<\/p>\n\n\n\n<ul class=\"wp-block-list\">\n<li>Motors with extended safety class &quot;Ex eb&quot; are also covered by ecodesign requirements within the power range 0.12 kW \u2013 1000 kW with pole numbers 2, 4, 6 and 8.<\/li>\n\n\n\n<li>Single-phase motors with a power greater than 0.12 kW are subject to ecodesign requirements corresponding to the IE2 efficiency class.<\/li>\n\n\n\n<li>Larger motors within the power range of 75 kW, with 2, 4 or 6 poles, to 200 kW must correspond to efficiency class IE4.<\/li>\n<\/ul>\n<\/div>\n\n\n\n<div class=\"wp-block-column is-layout-flow wp-block-column-is-layout-flow\">\n<h3 class=\"wp-block-heading\">Speed controller<\/h3>\n\n\n\n<p>From July 1, 2021, the following applies:<\/p>\n\n\n\n<ul class=\"wp-block-list\">\n<li>Speed controllers must correspond to at least IE2 efficiency class when working with motors within the power range of 0.12 kW \u2013 1000 kW.<\/li>\n\n\n\n<li>Technical information should contain data on power losses in a number of operating cases for the frequency converter and information on consumption during standby mode.<\/li>\n\n\n\n<li>For 2-, 4-, 6- and 8-pole motors from 0.12 \u2012 1000 kW, efficiency class IE2 now also applies to Ex eb-certified motors with increased safety.<\/li>\n\n\n\n<li>Single-phase motors with a power greater than 0.12 kW are covered by the corresponding IE2 class.<\/li>\n\n\n\n<li>The higher efficiency class IE4 applies to 2-, 4- and 6-pole motors between 75 \u2012 200 kW.<br><\/li>\n<\/ul>\n\n\n\n<p><a href=\"https:\/\/www.energimyndigheten.se\/effektiv-energianvandning\/saljare-och-tillverkare-av-produkter\/produktgrupper-a-o\/produkter\/elmotorer\/\">Link to the Swedish Energy Agency with more information about Electric motors and speed controllers<\/a><\/p>\n<\/div>\n<\/div>\n\n\n\n<div style=\"height:40px\" aria-hidden=\"true\" class=\"wp-block-spacer\"><\/div>","protected":false},"excerpt":{"rendered":"<p>I stora drag inneb\u00e4r revidering f\u00f6ljande: Motorer Fr\u00e5n 1 juli 2021 g\u00e4ller: Fr\u00e5n 1 juli 2023 g\u00e4ller: Varvstalsreglerare Fr\u00e5n 1 juli 2021 g\u00e4ller: L\u00e4nk till Energimyndigheten med mer information om Elektriska motorer och varvtalsreglerare<\/p>","protected":false},"author":2,"featured_media":0,"parent":0,"menu_order":0,"comment_status":"closed","ping_status":"closed","template":"","meta":{"footnotes":""},"class_list":["post-1616647","page","type-page","status-publish","hentry"],"acf":[],"_links":{"self":[{"href":"https:\/\/elr.se\/en\/wp-json\/wp\/v2\/pages\/1616647","targetHints":{"allow":["GET"]}}],"collection":[{"href":"https:\/\/elr.se\/en\/wp-json\/wp\/v2\/pages"}],"about":[{"href":"https:\/\/elr.se\/en\/wp-json\/wp\/v2\/types\/page"}],"author":[{"embeddable":true,"href":"https:\/\/elr.se\/en\/wp-json\/wp\/v2\/users\/2"}],"replies":[{"embeddable":true,"href":"https:\/\/elr.se\/en\/wp-json\/wp\/v2\/comments?post=1616647"}],"version-history":[{"count":3,"href":"https:\/\/elr.se\/en\/wp-json\/wp\/v2\/pages\/1616647\/revisions"}],"predecessor-version":[{"id":1616968,"href":"https:\/\/elr.se\/en\/wp-json\/wp\/v2\/pages\/1616647\/revisions\/1616968"}],"wp:attachment":[{"href":"https:\/\/elr.se\/en\/wp-json\/wp\/v2\/media?parent=1616647"}],"curies":[{"name":"wp","href":"https:\/\/api.w.org\/{rel}","templated":true}]}}