{"id":1616667,"date":"2025-09-18T09:40:43","date_gmt":"2025-09-18T09:40:43","guid":{"rendered":"https:\/\/elr.se\/?page_id=1616667"},"modified":"2025-10-19T20:06:26","modified_gmt":"2025-10-19T20:06:26","slug":"reparation-pa-ratt-satt","status":"publish","type":"page","link":"https:\/\/elr.se\/en\/reparation-pa-ratt-satt\/","title":{"rendered":"Repair the right way"},"content":{"rendered":"<section  class=\"tebab-block-split_screen alignfull image_alignment-left\">\n    <div class=\"contained\">\n        <div class=\"tebab-block-split_screen__image-wrapper\">\n            <img loading=\"lazy\" decoding=\"async\" width=\"1920\" height=\"1080\" src=\"https:\/\/elr.se\/wp-content\/uploads\/2025\/08\/elektro-still14-scaled-1-1920x1080.jpg\" class=\"attachment-landscape size-landscape\" alt=\"\" srcset=\"https:\/\/elr.se\/wp-content\/uploads\/2025\/08\/elektro-still14-scaled-1-1920x1080.jpg 1920w, https:\/\/elr.se\/wp-content\/uploads\/2025\/08\/elektro-still14-scaled-1-300x169.jpg 300w, https:\/\/elr.se\/wp-content\/uploads\/2025\/08\/elektro-still14-scaled-1-1024x576.jpg 1024w, https:\/\/elr.se\/wp-content\/uploads\/2025\/08\/elektro-still14-scaled-1-768x432.jpg 768w, https:\/\/elr.se\/wp-content\/uploads\/2025\/08\/elektro-still14-scaled-1-1536x864.jpg 1536w, https:\/\/elr.se\/wp-content\/uploads\/2025\/08\/elektro-still14-scaled-1-2048x1152.jpg 2048w\" sizes=\"auto, (max-width: 1920px) 100vw, 1920px\" \/>        <\/div>\n\n        <div class=\"tebab-block-split_screen__content-wrapper\">\n            <h1>Repair the right way<\/h1>\n<p>ELR has compiled the guide Recommended Working Methods for Repair of Rotating Electrical Equipment. The purpose of compiling the guide was to establish guidelines for all stages of rewinding and reassembling electrical equipment.<\/p>\n<p><strong>Do you have questions or comments about the guide?<\/strong><\/p>\n<p>Contact the ELR office:\u00a0<a href=\"mailto:kansliet@elr.se\" target=\"_blank\" rel=\"noopener\">office@elr.se<\/a><\/p>\n\n                            <div class=\"tebab-block-split_screen__buttons\">\n                                            <a href=\"https:\/\/elr.se\/en\/dokument\/rekommenderade-arbetsmetoder-for-reparation-av-roterande-elektriska-apparater\/\" class=\"button primary\" target=\"1\" rel=\"noreferrer\">Download the guide<\/a>\n                                    <\/div>\n            \n        <\/div>\n    <\/div>\n<\/section>\n\n\n<div style=\"height:40px\" aria-hidden=\"true\" class=\"wp-block-spacer\"><\/div>\n\n\n\n<p>The Recommended Work Practices for Repair of Rotating Electrical Equipment guide describes record keeping, testing, evaluations, and general guidelines for the repair of electrical motors and generators. It is not intended to replace customer or manufacturer specific instructions or specifications.<\/p>\n\n\n\n<p>Excluded from the scope of this document are specific requirements, certification and inspection required for explosion-proof, dust-proof and other listed machines which are approved for hazardous environments as well as special or additional requirements for hermetically sealed motors, hydrogen-cooled motors, submersible motors, propulsion motors, or Class 1E motors for use in the nuclear industry.<\/p>\n\n\n\n<p>The guide is divided into the following chapters:<\/p>\n\n\n\n<div class=\"wp-block-columns is-layout-flex wp-container-core-columns-is-layout-9d6595d7 wp-block-columns-is-layout-flex\">\n<div class=\"wp-block-column is-layout-flow wp-block-column-is-layout-flow\">\n<h3 class=\"wp-block-heading\">Chapter 1: General<\/h3>\n\n\n\n<p>Intention<br>Extent<br>Identification<br>Cleaning<br>Connection lines<br>Connection points<br>Junction boxes<br>Cooling system<br>Exterior surface treatment<br>Packaging and transportation<\/p>\n<\/div>\n\n\n\n<div class=\"wp-block-column is-layout-flow wp-block-column-is-layout-flow\">\n<h3 class=\"wp-block-heading\">Chapter 2: Mechanical Repair<\/h3>\n\n\n\n<p>Shoulders<br>Stock<br>Plain bearing<br>Lubrication<br>Stator housing &amp; bearing seats<br>Rotor plates<br>Balancing<br>Slip rings<br>Commutators<br>Brush holder<br>Brushes<br>Brush positions on DC machines<br>Air gap measurement on DC machines<br>Accessories<\/p>\n<\/div>\n\n\n\n<div class=\"wp-block-column is-layout-flow wp-block-column-is-layout-flow\">\n<h3 class=\"wp-block-heading\">Chapter 3: Rewinding<\/h3>\n\n\n\n<p>Inspection<br>Rewinding specification<br>Tearing out<br>Insulation system<br>Leader<br>Stator, rotor and armature windings<br>Field coils<br>Magnetizing and cage windings<br>Thermal protection and sensors<br>Forming and bonding of stator windings<br>Coil connections<br>Wedges<br>Impregnation of windings<\/p>\n<\/div>\n<\/div>\n\n\n\n<div class=\"wp-block-columns is-layout-flex wp-container-core-columns-is-layout-9d6595d7 wp-block-columns-is-layout-flex\">\n<div class=\"wp-block-column is-layout-flow wp-block-column-is-layout-flow\">\n<h3 class=\"wp-block-heading\">Chapter 4: Testing<\/h3>\n\n\n\n<p>Security<br>Insulation test<br>Recommended winding tests<br>High voltage test<br>Idle test<br>Performance test<br>Instrument calibration<\/p>\n<\/div>\n\n\n\n<div class=\"wp-block-column is-layout-flow wp-block-column-is-layout-flow\">\n<h3 class=\"wp-block-heading\">Bibliography<\/h3>\n<\/div>\n\n\n\n<div class=\"wp-block-column is-layout-flow wp-block-column-is-layout-flow\">\n<h3 class=\"wp-block-heading\">Standardization organizations and other sources<\/h3>\n<\/div>\n<\/div>\n\n\n\n<div style=\"height:40px\" aria-hidden=\"true\" class=\"wp-block-spacer\"><\/div>","protected":false},"excerpt":{"rendered":"<p>Guiden Rekommenderade arbetsmetoder f\u00f6r reparation av roterande elektriska apparater beskriver journalf\u00f6ring, prover, utv\u00e4rderingar och allm\u00e4nna riktlinjer f\u00f6r reparation av elektriska motorer och generatorer. Den \u00e4r inte avsedd att ers\u00e4tta kundens eller tillverkarens speciella anvisningar eller specifikationer. Undantaget fr\u00e5n omfattning av detta dokument \u00e4r specifika krav, certifiering och kontroll som erfordras f\u00f6r explosions \u00e4kra, dammskyddade och [&hellip;]<\/p>","protected":false},"author":2,"featured_media":0,"parent":0,"menu_order":0,"comment_status":"closed","ping_status":"closed","template":"","meta":{"footnotes":""},"class_list":["post-1616667","page","type-page","status-publish","hentry"],"acf":[],"_links":{"self":[{"href":"https:\/\/elr.se\/en\/wp-json\/wp\/v2\/pages\/1616667","targetHints":{"allow":["GET"]}}],"collection":[{"href":"https:\/\/elr.se\/en\/wp-json\/wp\/v2\/pages"}],"about":[{"href":"https:\/\/elr.se\/en\/wp-json\/wp\/v2\/types\/page"}],"author":[{"embeddable":true,"href":"https:\/\/elr.se\/en\/wp-json\/wp\/v2\/users\/2"}],"replies":[{"embeddable":true,"href":"https:\/\/elr.se\/en\/wp-json\/wp\/v2\/comments?post=1616667"}],"version-history":[{"count":2,"href":"https:\/\/elr.se\/en\/wp-json\/wp\/v2\/pages\/1616667\/revisions"}],"predecessor-version":[{"id":1616971,"href":"https:\/\/elr.se\/en\/wp-json\/wp\/v2\/pages\/1616667\/revisions\/1616971"}],"wp:attachment":[{"href":"https:\/\/elr.se\/en\/wp-json\/wp\/v2\/media?parent=1616667"}],"curies":[{"name":"wp","href":"https:\/\/api.w.org\/{rel}","templated":true}]}}